{"id":39,"date":"2024-12-11T02:05:29","date_gmt":"2024-12-11T01:05:29","guid":{"rendered":"http:\/\/sb.svw-spachbruecken.de\/?page_id=39"},"modified":"2025-08-13T21:25:31","modified_gmt":"2025-08-13T19:25:31","slug":"links","status":"publish","type":"page","link":"https:\/\/sb37dieburg.de\/?page_id=39","title":{"rendered":"Links"},"content":{"rendered":"\n<h3 class=\"wp-block-heading\">N\u00fctzliche Links<\/h3>\n\n\n\n<ul class=\"wp-block-list\">\n<li>Deutscher Sch\u00fctzenbund: <br><a href=\"https:\/\/dsb.de\" target=\"_blank\" rel=\"noreferrer noopener\">https:\/\/dsb.de<\/a><\/li>\n\n\n\n<li>Hessischer Sch\u00fctzenverband: <br><a href=\"https:\/\/www.hessischer-schuetzenverband.de\/\" data-type=\"link\" data-id=\"https:\/\/www.hessischer-schuetzenverband.de\/\" target=\"_blank\" rel=\"noreferrer noopener\">https:\/\/www.hessischer-schuetzenverband.de\/<\/a><\/li>\n\n\n\n<li>Liste von Schie\u00dfstandsachverst\u00e4ndigen (auf der Seite des HSV): <br><a href=\"https:\/\/www.hessischer-schuetzenverband.de\/verband\/kontakte\/schiessstandsachverstaendige\" target=\"_blank\" rel=\"noreferrer noopener\">https:\/\/www.hessischer-schuetzenverband.de\/verband\/kontakte\/schiessstandsachverstaendige<\/a><\/li>\n\n\n\n<li>Sportkreis Darmstadt-Dieburg:<br><a href=\"https:\/\/sportkreis-darmstadt-dieburg.de\/\" data-type=\"link\" data-id=\"https:\/\/sportkreis-darmstadt-dieburg.de\/\" target=\"_blank\" rel=\"noreferrer noopener\">https:\/\/sportkreis-darmstadt-dieburg.de\/<\/a><\/li>\n\n\n\n<li>Waffenbeh\u00f6rde Landkreis Darmstadt-Dieburg: <br><a href=\"https:\/\/www.ladadi.de\/verkehr-verbraucherschutz-sicherheit\/waffen-und-sprengstoffrecht.html\" target=\"_blank\" rel=\"noreferrer noopener\">https:\/\/www.ladadi.de\/verkehr-verbraucherschutz-sicherheit\/waffen-und-sprengstoffrecht.html<\/a><\/li>\n<\/ul>\n\n\n\n<h3 class=\"wp-block-heading\">Polizeipr\u00e4sidium S\u00fcdhessen<\/h3>\n\n\n\n<p>&#8211; Kriminalpolizeiliche Beratungsstelle &#8211;<\/p>\n\n\n\n<p>Orangerieallee 12,&nbsp;<br>64285 Darmstadt<br>Tel.&nbsp;06151\/969-4030&nbsp;<br>Fax:&nbsp;06151\/969-4045<br>Email:&nbsp;<a href=\"javascript:writeEmail('Beratungsstelle.PPSH@Polizei.Hessen.de')\">Beratungsstelle.PPSH@Polizei.Hessen.de<\/a>&nbsp;<\/p>\n\n\n\n<p>Telefon-Nebenstellen:&nbsp;&nbsp; <br>-4032: Hans-Peter Kleinhan\u00df (Leiter)&nbsp;&nbsp; <br>-4033: Heinz Steinmann&nbsp;&nbsp; <br>-4031: Fred Hosse&nbsp;&nbsp; <br>-4030: Margarete Seifert (Gesch\u00e4ftszimmer)<\/p>\n","protected":false},"excerpt":{"rendered":"<p>N\u00fctzliche Links Polizeipr\u00e4sidium S\u00fcdhessen &#8211; Kriminalpolizeiliche Beratungsstelle &#8211; Orangerieallee 12,&nbsp;64285 DarmstadtTel.&nbsp;06151\/969-4030&nbsp;Fax:&nbsp;06151\/969-4045Email:&nbsp;Beratungsstelle.PPSH@Polizei.Hessen.de&nbsp; Telefon-Nebenstellen:&nbsp;&nbsp; -4032: Hans-Peter Kleinhan\u00df (Leiter)&nbsp;&nbsp; -4033: Heinz Steinmann&nbsp;&nbsp; -4031: Fred Hosse&nbsp;&nbsp; -4030: Margarete Seifert&hellip;<\/p>\n","protected":false},"author":1,"featured_media":0,"parent":27,"menu_order":0,"comment_status":"closed","ping_status":"closed","template":"","meta":{"footnotes":""},"class_list":["post-39","page","type-page","status-publish","hentry"],"_links":{"self":[{"href":"https:\/\/sb37dieburg.de\/index.php?rest_route=\/wp\/v2\/pages\/39","targetHints":{"allow":["GET"]}}],"collection":[{"href":"https:\/\/sb37dieburg.de\/index.php?rest_route=\/wp\/v2\/pages"}],"about":[{"href":"https:\/\/sb37dieburg.de\/index.php?rest_route=\/wp\/v2\/types\/page"}],"author":[{"embeddable":true,"href":"https:\/\/sb37dieburg.de\/index.php?rest_route=\/wp\/v2\/users\/1"}],"replies":[{"embeddable":true,"href":"https:\/\/sb37dieburg.de\/index.php?rest_route=%2Fwp%2Fv2%2Fcomments&post=39"}],"version-history":[{"count":1,"href":"https:\/\/sb37dieburg.de\/index.php?rest_route=\/wp\/v2\/pages\/39\/revisions"}],"predecessor-version":[{"id":625,"href":"https:\/\/sb37dieburg.de\/index.php?rest_route=\/wp\/v2\/pages\/39\/revisions\/625"}],"up":[{"embeddable":true,"href":"https:\/\/sb37dieburg.de\/index.php?rest_route=\/wp\/v2\/pages\/27"}],"wp:attachment":[{"href":"https:\/\/sb37dieburg.de\/index.php?rest_route=%2Fwp%2Fv2%2Fmedia&parent=39"}],"curies":[{"name":"wp","href":"https:\/\/api.w.org\/{rel}","templated":true}]}}