{"id":24,"date":"2024-12-11T02:04:01","date_gmt":"2024-12-11T01:04:01","guid":{"rendered":"http:\/\/sb.svw-spachbruecken.de\/?page_id=24"},"modified":"2026-03-26T19:13:43","modified_gmt":"2026-03-26T18:13:43","slug":"vorstand","status":"publish","type":"page","link":"https:\/\/sb37dieburg.de\/?page_id=24","title":{"rendered":"Bezirksvorstand"},"content":{"rendered":"\n<figure class=\"wp-block-image size-large\"><img loading=\"lazy\" decoding=\"async\" width=\"1024\" height=\"456\" src=\"https:\/\/sb37dieburg.de\/wp-content\/uploads\/2025\/03\/IMG_0072-scaled-e1742027387239-1024x456.jpg\" alt=\"Bezirksvorstand nach den Wahlen am 14.03.2025\" class=\"wp-image-414\" srcset=\"https:\/\/sb37dieburg.de\/wp-content\/uploads\/2025\/03\/IMG_0072-scaled-e1742027387239-1024x456.jpg 1024w, https:\/\/sb37dieburg.de\/wp-content\/uploads\/2025\/03\/IMG_0072-scaled-e1742027387239-300x133.jpg 300w, https:\/\/sb37dieburg.de\/wp-content\/uploads\/2025\/03\/IMG_0072-scaled-e1742027387239-768x342.jpg 768w, https:\/\/sb37dieburg.de\/wp-content\/uploads\/2025\/03\/IMG_0072-scaled-e1742027387239-1536x683.jpg 1536w, https:\/\/sb37dieburg.de\/wp-content\/uploads\/2025\/03\/IMG_0072-scaled-e1742027387239-2048x911.jpg 2048w\" sizes=\"auto, (max-width: 1024px) 100vw, 1024px\" \/><figcaption class=\"wp-element-caption\">Bezirksvorstand und Wettkampfgericht nach den Wahlen am 14.03.2025<\/figcaption><\/figure>\n\n\n\n<h2 class=\"wp-block-heading\">Hauptvorstand<\/h2>\n\n\n\n<figure class=\"wp-block-table is-style-regular\"><table class=\"has-fixed-layout\"><tbody><tr><td><strong>Position<\/strong><\/td><td><strong>Name<\/strong><\/td><td><strong>Email Adresse<\/strong><\/td><\/tr><tr><td>Bezirkssch\u00fctzenmeisterin<\/td><td>Gudrun Ehmer<\/td><td>schuetzenmeister @ sb37dieburg.de<\/td><\/tr><tr><td>Stellvertretender Bezirkssch\u00fctzenmeister<\/td><td>Mathias Amann<\/td><td>schuetzenmeister2 @ sb37dieburg.de<\/td><\/tr><tr><td>Bezirksschriftf\u00fchrer<\/td><td>Wilfried Kolodziej<\/td><td>schriftfuehrer @ sb37dieburg.de<\/td><\/tr><tr><td>Bezirkssportleiter<\/td><td>Rene Ro\u00dfdeutscher<\/td><td>sportleiter @ sb37dieburg.de<\/td><\/tr><tr><td>Bezirksjugendleiter<\/td><td>Thorsten Steiger<\/td><td>jugendleiter @ sb37dieburg.de<\/td><\/tr><tr><td>Bezirksschatzmeister<\/td><td>Andreas Gawrilowicz<\/td><td>schatzmeister @ sb37dieburg.de<\/td><\/tr><\/tbody><\/table><\/figure>\n\n\n\n<h2 class=\"wp-block-heading\">Referenten<\/h2>\n\n\n\n<figure class=\"wp-block-table is-style-regular\"><table class=\"has-fixed-layout\"><tbody><tr><td><strong>Position<\/strong><\/td><td><strong>Name<\/strong><\/td><td><strong>Email Adresse<\/strong><\/td><\/tr><tr><td>Gewehr<\/td><td>Gabriel&nbsp;Heil<\/td><td>referent_gewehr @ sb37dieburg.de<\/td><\/tr><tr><td>Pistole<\/td><td>Michael Emrich<\/td><td>referent_pistole @ sb37dieburg.de<\/td><\/tr><tr><td>Vorderlader<\/td><td>Ralf Buchinger<\/td><td>referent_vorderlader @ sb37dieburg.de<\/td><\/tr><tr><td>Bogen<\/td><td>Hans-J\u00fcrgen Eich<\/td><td>referent_bogen @ sb37dieburg.de<\/td><\/tr><tr><td>Auflage<\/td><td>J\u00fcrgen Heil<\/td><td>referent_auflage @ sb37dieburg.de<\/td><\/tr><tr><td>Sommerbiathlon<\/td><td>Sonja Lauterborn<\/td><td>referent_sommerbiathlon @ sb37dieburg.de<\/td><\/tr><tr><td>K\u00f6nigsschie\u00dfen<\/td><td>&#8211; vakant &#8211;<\/td><td><\/td><\/tr><tr><td>IT\/Datenverarbeitung<\/td><td>Dirk Ruiken<\/td><td>it @ sb37dieburg.de<\/td><\/tr><tr><td>Stellvertretender Bezirksjugendleiter<\/td><td>Sven Gebauer<\/td><td>jugendleiter2 @ sb37dieburg.de<\/td><\/tr><\/tbody><\/table><\/figure>\n\n\n\n<h2 class=\"wp-block-heading\">Rundenwettkampfgericht<\/h2>\n\n\n\n<p>gew\u00e4hlt am Bezirkssch\u00fctzentag 2025<\/p>\n\n\n\n<figure class=\"wp-block-table is-style-regular\"><table class=\"has-fixed-layout\"><tbody><tr><td><strong>Position<\/strong><\/td><td><strong>Name<\/strong><\/td><\/tr><tr><td>Bezirkssportleiter&nbsp;&nbsp;&nbsp;&nbsp;<\/td><td>Rene Ro\u00dfdeutscher<\/td><\/tr><tr><td>Sparte Bogen&nbsp;&nbsp;<\/td><td>Dirk A\u00dffalg<\/td><\/tr><tr><td>Sparte Gewehr<\/td><td>Georg Br\u00fccher<\/td><\/tr><tr><td>Sparte Vorderlader<\/td><td>Willi Wolf<\/td><\/tr><tr><td>Sparte Pistole<\/td><td>Jochen Kindermann<\/td><\/tr><\/tbody><\/table><\/figure>\n\n\n\n<p><\/p>\n","protected":false},"excerpt":{"rendered":"<p>Hauptvorstand Position Name Email Adresse Bezirkssch\u00fctzenmeisterin Gudrun Ehmer schuetzenmeister @ sb37dieburg.de Stellvertretender Bezirkssch\u00fctzenmeister Mathias Amann schuetzenmeister2 @ sb37dieburg.de Bezirksschriftf\u00fchrer Wilfried Kolodziej schriftfuehrer @ sb37dieburg.de Bezirkssportleiter&hellip;<\/p>\n","protected":false},"author":1,"featured_media":0,"parent":27,"menu_order":0,"comment_status":"closed","ping_status":"closed","template":"","meta":{"footnotes":""},"class_list":["post-24","page","type-page","status-publish","hentry"],"_links":{"self":[{"href":"https:\/\/sb37dieburg.de\/index.php?rest_route=\/wp\/v2\/pages\/24","targetHints":{"allow":["GET"]}}],"collection":[{"href":"https:\/\/sb37dieburg.de\/index.php?rest_route=\/wp\/v2\/pages"}],"about":[{"href":"https:\/\/sb37dieburg.de\/index.php?rest_route=\/wp\/v2\/types\/page"}],"author":[{"embeddable":true,"href":"https:\/\/sb37dieburg.de\/index.php?rest_route=\/wp\/v2\/users\/1"}],"replies":[{"embeddable":true,"href":"https:\/\/sb37dieburg.de\/index.php?rest_route=%2Fwp%2Fv2%2Fcomments&post=24"}],"version-history":[{"count":9,"href":"https:\/\/sb37dieburg.de\/index.php?rest_route=\/wp\/v2\/pages\/24\/revisions"}],"predecessor-version":[{"id":948,"href":"https:\/\/sb37dieburg.de\/index.php?rest_route=\/wp\/v2\/pages\/24\/revisions\/948"}],"up":[{"embeddable":true,"href":"https:\/\/sb37dieburg.de\/index.php?rest_route=\/wp\/v2\/pages\/27"}],"wp:attachment":[{"href":"https:\/\/sb37dieburg.de\/index.php?rest_route=%2Fwp%2Fv2%2Fmedia&parent=24"}],"curies":[{"name":"wp","href":"https:\/\/api.w.org\/{rel}","templated":true}]}}